{"id":9946,"date":"2025-06-23T05:44:01","date_gmt":"2025-06-23T05:44:01","guid":{"rendered":"https:\/\/parkpalic.condev.rs\/park-palic-zvanicna-prezentacija\/"},"modified":"2026-03-06T09:35:00","modified_gmt":"2026-03-06T09:35:00","slug":"park-palic-zvanicna-prezentacija","status":"publish","type":"page","link":"https:\/\/park-palic.rs\/hu\/","title":{"rendered":"Kezd\u0151lap"},"content":{"rendered":"","protected":false},"excerpt":{"rendered":"","protected":false},"author":1,"featured_media":12403,"parent":0,"menu_order":0,"comment_status":"closed","ping_status":"closed","template":"page-home.php","meta":{"_acf_changed":false,"inline_featured_image":false,"footnotes":""},"class_list":["post-9946","page","type-page","status-publish","has-post-thumbnail","hentry"],"acf":[],"yoast_head":"<!-- This site is optimized with the Yoast SEO plugin v27.1.1 - https:\/\/yoast.com\/product\/yoast-seo-wordpress\/ -->\n<title>Kezd\u0151lap - Park Pali\u0107<\/title>\n<meta name=\"description\" content=\"\u00dcdv\u00f6z\u00f6lj\u00fck a Pali\u0107 Park hivatalos honlapj\u00e1n. Tudjon meg mindent a turizmusr\u00f3l, a beruh\u00e1z\u00e1sokr\u00f3l, az esem\u00e9nyekr\u0151l \u00e9s az egyik legszebb \u00fati c\u00e9l fejl\u0151d\u00e9s\u00e9r\u0151l.\" \/>\n<meta name=\"robots\" content=\"index, follow, max-snippet:-1, max-image-preview:large, max-video-preview:-1\" \/>\n<link rel=\"canonical\" href=\"https:\/\/park-palic.rs\/hu\/park-palic-zvanicna-prezentacija\/\" \/>\n<meta property=\"og:locale\" content=\"hu_HU\" \/>\n<meta property=\"og:type\" content=\"article\" \/>\n<meta property=\"og:title\" content=\"Kezd\u0151lap - Park Pali\u0107\" \/>\n<meta property=\"og:description\" content=\"\u00dcdv\u00f6z\u00f6lj\u00fck a Pali\u0107 Park hivatalos honlapj\u00e1n. Tudjon meg mindent a turizmusr\u00f3l, a beruh\u00e1z\u00e1sokr\u00f3l, az esem\u00e9nyekr\u0151l \u00e9s az egyik legszebb \u00fati c\u00e9l fejl\u0151d\u00e9s\u00e9r\u0151l.\" \/>\n<meta property=\"og:url\" content=\"https:\/\/park-palic.rs\/hu\/park-palic-zvanicna-prezentacija\/\" \/>\n<meta property=\"og:site_name\" content=\"Park Pali\u0107\" \/>\n<meta property=\"article:publisher\" content=\"https:\/\/www.facebook.com\/ParkPalic\/\" \/>\n<meta property=\"article:modified_time\" content=\"2026-03-06T09:35:00+00:00\" \/>\n<meta property=\"og:image\" content=\"https:\/\/park-palic.rs\/wp-content\/uploads\/2025\/06\/Plcs106-scaled.jpg\" \/>\n\t<meta property=\"og:image:width\" content=\"2560\" \/>\n\t<meta property=\"og:image:height\" content=\"1707\" \/>\n\t<meta property=\"og:image:type\" content=\"image\/jpeg\" \/>\n<meta name=\"twitter:card\" content=\"summary_large_image\" \/>\n<script type=\"application\/ld+json\" class=\"yoast-schema-graph\">{\"@context\":\"https:\/\/schema.org\",\"@graph\":[{\"@type\":\"WebPage\",\"@id\":\"https:\/\/park-palic.rs\/hu\/park-palic-zvanicna-prezentacija\/\",\"url\":\"https:\/\/park-palic.rs\/hu\/park-palic-zvanicna-prezentacija\/\",\"name\":\"Kezd\u0151lap - Park Pali\u0107\",\"isPartOf\":{\"@id\":\"https:\/\/park-palic.rs\/#website\"},\"primaryImageOfPage\":{\"@id\":\"https:\/\/park-palic.rs\/hu\/park-palic-zvanicna-prezentacija\/#primaryimage\"},\"image\":{\"@id\":\"https:\/\/park-palic.rs\/hu\/park-palic-zvanicna-prezentacija\/#primaryimage\"},\"thumbnailUrl\":\"https:\/\/park-palic.rs\/wp-content\/uploads\/2025\/06\/Plcs106-scaled.jpg\",\"datePublished\":\"2025-06-23T05:44:01+00:00\",\"dateModified\":\"2026-03-06T09:35:00+00:00\",\"description\":\"\u00dcdv\u00f6z\u00f6lj\u00fck a Pali\u0107 Park hivatalos honlapj\u00e1n. Tudjon meg mindent a turizmusr\u00f3l, a beruh\u00e1z\u00e1sokr\u00f3l, az esem\u00e9nyekr\u0151l \u00e9s az egyik legszebb \u00fati c\u00e9l fejl\u0151d\u00e9s\u00e9r\u0151l.\",\"breadcrumb\":{\"@id\":\"https:\/\/park-palic.rs\/hu\/park-palic-zvanicna-prezentacija\/#breadcrumb\"},\"inLanguage\":\"hu\",\"potentialAction\":[{\"@type\":\"ReadAction\",\"target\":[\"https:\/\/park-palic.rs\/hu\/park-palic-zvanicna-prezentacija\/\"]}]},{\"@type\":\"ImageObject\",\"inLanguage\":\"hu\",\"@id\":\"https:\/\/park-palic.rs\/hu\/park-palic-zvanicna-prezentacija\/#primaryimage\",\"url\":\"https:\/\/park-palic.rs\/wp-content\/uploads\/2025\/06\/Plcs106-scaled.jpg\",\"contentUrl\":\"https:\/\/park-palic.rs\/wp-content\/uploads\/2025\/06\/Plcs106-scaled.jpg\",\"width\":2560,\"height\":1707},{\"@type\":\"BreadcrumbList\",\"@id\":\"https:\/\/park-palic.rs\/hu\/park-palic-zvanicna-prezentacija\/#breadcrumb\",\"itemListElement\":[{\"@type\":\"ListItem\",\"position\":1,\"name\":\"Po\u010detna\",\"item\":\"https:\/\/park-palic.rs\/hu\/park-palic-zvanicna-prezentacija\/\"},{\"@type\":\"ListItem\",\"position\":2,\"name\":\"Kezd\u0151lap\"}]},{\"@type\":\"WebSite\",\"@id\":\"https:\/\/park-palic.rs\/#website\",\"url\":\"https:\/\/park-palic.rs\/\",\"name\":\"Park Pali\u0107\",\"description\":\"\",\"potentialAction\":[{\"@type\":\"SearchAction\",\"target\":{\"@type\":\"EntryPoint\",\"urlTemplate\":\"https:\/\/park-palic.rs\/?s={search_term_string}\"},\"query-input\":{\"@type\":\"PropertyValueSpecification\",\"valueRequired\":true,\"valueName\":\"search_term_string\"}}],\"inLanguage\":\"hu\"}]}<\/script>\n<!-- \/ Yoast SEO plugin. -->","yoast_head_json":{"title":"Kezd\u0151lap - Park Pali\u0107","description":"\u00dcdv\u00f6z\u00f6lj\u00fck a Pali\u0107 Park hivatalos honlapj\u00e1n. Tudjon meg mindent a turizmusr\u00f3l, a beruh\u00e1z\u00e1sokr\u00f3l, az esem\u00e9nyekr\u0151l \u00e9s az egyik legszebb \u00fati c\u00e9l fejl\u0151d\u00e9s\u00e9r\u0151l.","robots":{"index":"index","follow":"follow","max-snippet":"max-snippet:-1","max-image-preview":"max-image-preview:large","max-video-preview":"max-video-preview:-1"},"canonical":"https:\/\/park-palic.rs\/hu\/park-palic-zvanicna-prezentacija\/","og_locale":"hu_HU","og_type":"article","og_title":"Kezd\u0151lap - Park Pali\u0107","og_description":"\u00dcdv\u00f6z\u00f6lj\u00fck a Pali\u0107 Park hivatalos honlapj\u00e1n. Tudjon meg mindent a turizmusr\u00f3l, a beruh\u00e1z\u00e1sokr\u00f3l, az esem\u00e9nyekr\u0151l \u00e9s az egyik legszebb \u00fati c\u00e9l fejl\u0151d\u00e9s\u00e9r\u0151l.","og_url":"https:\/\/park-palic.rs\/hu\/park-palic-zvanicna-prezentacija\/","og_site_name":"Park Pali\u0107","article_publisher":"https:\/\/www.facebook.com\/ParkPalic\/","article_modified_time":"2026-03-06T09:35:00+00:00","og_image":[{"width":2560,"height":1707,"url":"https:\/\/park-palic.rs\/wp-content\/uploads\/2025\/06\/Plcs106-scaled.jpg","type":"image\/jpeg"}],"twitter_card":"summary_large_image","schema":{"@context":"https:\/\/schema.org","@graph":[{"@type":"WebPage","@id":"https:\/\/park-palic.rs\/hu\/park-palic-zvanicna-prezentacija\/","url":"https:\/\/park-palic.rs\/hu\/park-palic-zvanicna-prezentacija\/","name":"Kezd\u0151lap - Park Pali\u0107","isPartOf":{"@id":"https:\/\/park-palic.rs\/#website"},"primaryImageOfPage":{"@id":"https:\/\/park-palic.rs\/hu\/park-palic-zvanicna-prezentacija\/#primaryimage"},"image":{"@id":"https:\/\/park-palic.rs\/hu\/park-palic-zvanicna-prezentacija\/#primaryimage"},"thumbnailUrl":"https:\/\/park-palic.rs\/wp-content\/uploads\/2025\/06\/Plcs106-scaled.jpg","datePublished":"2025-06-23T05:44:01+00:00","dateModified":"2026-03-06T09:35:00+00:00","description":"\u00dcdv\u00f6z\u00f6lj\u00fck a Pali\u0107 Park hivatalos honlapj\u00e1n. Tudjon meg mindent a turizmusr\u00f3l, a beruh\u00e1z\u00e1sokr\u00f3l, az esem\u00e9nyekr\u0151l \u00e9s az egyik legszebb \u00fati c\u00e9l fejl\u0151d\u00e9s\u00e9r\u0151l.","breadcrumb":{"@id":"https:\/\/park-palic.rs\/hu\/park-palic-zvanicna-prezentacija\/#breadcrumb"},"inLanguage":"hu","potentialAction":[{"@type":"ReadAction","target":["https:\/\/park-palic.rs\/hu\/park-palic-zvanicna-prezentacija\/"]}]},{"@type":"ImageObject","inLanguage":"hu","@id":"https:\/\/park-palic.rs\/hu\/park-palic-zvanicna-prezentacija\/#primaryimage","url":"https:\/\/park-palic.rs\/wp-content\/uploads\/2025\/06\/Plcs106-scaled.jpg","contentUrl":"https:\/\/park-palic.rs\/wp-content\/uploads\/2025\/06\/Plcs106-scaled.jpg","width":2560,"height":1707},{"@type":"BreadcrumbList","@id":"https:\/\/park-palic.rs\/hu\/park-palic-zvanicna-prezentacija\/#breadcrumb","itemListElement":[{"@type":"ListItem","position":1,"name":"Po\u010detna","item":"https:\/\/park-palic.rs\/hu\/park-palic-zvanicna-prezentacija\/"},{"@type":"ListItem","position":2,"name":"Kezd\u0151lap"}]},{"@type":"WebSite","@id":"https:\/\/park-palic.rs\/#website","url":"https:\/\/park-palic.rs\/","name":"Park Pali\u0107","description":"","potentialAction":[{"@type":"SearchAction","target":{"@type":"EntryPoint","urlTemplate":"https:\/\/park-palic.rs\/?s={search_term_string}"},"query-input":{"@type":"PropertyValueSpecification","valueRequired":true,"valueName":"search_term_string"}}],"inLanguage":"hu"}]}},"_links":{"self":[{"href":"https:\/\/park-palic.rs\/hu\/wp-json\/wp\/v2\/pages\/9946","targetHints":{"allow":["GET"]}}],"collection":[{"href":"https:\/\/park-palic.rs\/hu\/wp-json\/wp\/v2\/pages"}],"about":[{"href":"https:\/\/park-palic.rs\/hu\/wp-json\/wp\/v2\/types\/page"}],"author":[{"embeddable":true,"href":"https:\/\/park-palic.rs\/hu\/wp-json\/wp\/v2\/users\/1"}],"replies":[{"embeddable":true,"href":"https:\/\/park-palic.rs\/hu\/wp-json\/wp\/v2\/comments?post=9946"}],"version-history":[{"count":11,"href":"https:\/\/park-palic.rs\/hu\/wp-json\/wp\/v2\/pages\/9946\/revisions"}],"predecessor-version":[{"id":13169,"href":"https:\/\/park-palic.rs\/hu\/wp-json\/wp\/v2\/pages\/9946\/revisions\/13169"}],"wp:featuredmedia":[{"embeddable":true,"href":"https:\/\/park-palic.rs\/hu\/wp-json\/wp\/v2\/media\/12403"}],"wp:attachment":[{"href":"https:\/\/park-palic.rs\/hu\/wp-json\/wp\/v2\/media?parent=9946"}],"curies":[{"name":"wp","href":"https:\/\/api.w.org\/{rel}","templated":true}]}}