{"id":10130,"date":"2025-06-30T07:34:53","date_gmt":"2025-06-30T07:34:53","guid":{"rendered":"https:\/\/parkpalic.condev.rs\/politika-privatnosti\/"},"modified":"2026-03-06T09:20:53","modified_gmt":"2026-03-06T09:20:53","slug":"adatkezelesi-tajekoztato-park-palic","status":"publish","type":"page","link":"https:\/\/park-palic.rs\/hu\/adatkezelesi-tajekoztato-park-palic\/","title":{"rendered":"Adatv\u00e9delmi szab\u00e1lyzat"},"content":{"rendered":"\n<h3 class=\"wp-block-heading\">1. Bevezet\u00e9s<\/h3>\n\n<p>A \u201ePark Pali\u0107\u201d K\u00f6zv\u00e1llalat tiszteletben tartja az \u00d6n mag\u00e1n\u00e9let\u00e9t, \u00e9s elk\u00f6telezett a szem\u00e9lyes adatok v\u00e9delme mellett, a Szerb K\u00f6zt\u00e1rsas\u00e1g szem\u00e9lyes adatok v\u00e9delm\u00e9r\u0151l sz\u00f3l\u00f3 t\u00f6rv\u00e9ny\u00e9vel \u00e9s az \u00c1ltal\u00e1nos Adatv\u00e9delmi Rendelettel (GDPR) \u00f6sszhangban. Ez az Adatv\u00e9delmi Ir\u00e1nyelv elmagyar\u00e1zza, milyen adatokat gy\u0171jt\u00fcnk, hogyan haszn\u00e1ljuk fel azokat, \u00e9s melyek az \u00d6n jogai. <\/p>\n\n<h3 class=\"wp-block-heading\">2. Milyen adatokat gy\u0171jt\u00fcnk?<\/h3>\n\n<p>A k\u00f6vetkez\u0151 t\u00edpus\u00fa adatokat gy\u0171jthetj\u00fck:<\/p>\n\n<p>Az \u00d6n \u00e1ltal \u00f6nk\u00e9ntesen megadott adatok (pl. kapcsolatfelv\u00e9teli \u0171rlapon kereszt\u00fcl): n\u00e9v, e-mail c\u00edm, telefonsz\u00e1m.<\/p>\n\n<p>Technikai adatok: IP-c\u00edm, eszk\u00f6z t\u00edpusa, oper\u00e1ci\u00f3s rendszer, hozz\u00e1f\u00e9r\u00e9s ideje, a megl\u00e1togatott oldalak.<\/p>\n\n<p>S\u00fctik (cookie-k) \u00e9s hasonl\u00f3 technol\u00f3gi\u00e1k (l\u00e1sd a S\u00fcti szab\u00e1lyzatot)<\/p>\n\n<h3 class=\"wp-block-heading\">3. Hogyan haszn\u00e1ljuk fel az \u00d6n adatait?<\/h3>\n\n<p>A gy\u0171jt\u00f6tt adatokat a k\u00f6vetkez\u0151 c\u00e9lokra haszn\u00e1ljuk fel:<\/p>\n\n<p>V\u00e1laszad\u00e1s az \u00d6n k\u00e9rd\u00e9seire \u00e9s k\u00e9r\u00e9seire<\/p>\n\n<p>A webhely funkcionalit\u00e1s\u00e1nak jav\u00edt\u00e1sa<\/p>\n\n<p>L\u00e1togatotts\u00e1gi elemz\u00e9sek a felhaszn\u00e1l\u00f3i \u00e9lm\u00e9ny jav\u00edt\u00e1sa \u00e9rdek\u00e9ben<\/p>\n\n<p>A jogi k\u00f6telezetts\u00e9gek teljes\u00edt\u00e9se<\/p>\n\n<h3 class=\"wp-block-heading\">4. Az adatkezel\u00e9s jogalapja<\/h3>\n\n<p>Az adatkezel\u00e9s alapja:<\/p>\n\n<p>Az \u00d6n hozz\u00e1j\u00e1rul\u00e1sa (pl. \u00fczenet k\u00fcld\u00e9se az \u0171rlapon kereszt\u00fcl)<\/p>\n\n<p>Jogos \u00e9rdek (pl. a webhely fejleszt\u00e9se)<\/p>\n\n<p>Jogi k\u00f6telezetts\u00e9gek<\/p>\n\n<h3 class=\"wp-block-heading\">5. Felhaszn\u00e1l\u00f3i jogok<\/h3>\n\n<p>A GDPR-ral \u00f6sszhangban \u00d6nnek joga van a k\u00f6vetkez\u0151kh\u00f6z:<\/p>\n\n<p>Hozz\u00e1f\u00e9r\u00e9s a saj\u00e1t adataihoz<\/p>\n\n<p>A pontatlan adatok helyesb\u00edt\u00e9se<\/p>\n\n<p>T\u00f6rl\u00e9s (\u201eaz elfeledtet\u00e9shez val\u00f3 jog\u201d)<\/p>\n\n<p>Az adatkezel\u00e9s korl\u00e1toz\u00e1sa<\/p>\n\n<p>Adathordozhat\u00f3s\u00e1g<\/p>\n\n<p>A hozz\u00e1j\u00e1rul\u00e1s b\u00e1rmikori visszavon\u00e1sa<\/p>\n\n<p>Jogai gyakorl\u00e1s\u00e1hoz l\u00e9pjen vel\u00fcnk kapcsolatba az al\u00e1bbi el\u00e9rhet\u0151s\u00e9gen: info@park-palic.rs<\/p>\n\n<h3 class=\"wp-block-heading\">6. Adatbiztons\u00e1g<\/h3>\n\n<p>Minden technikai \u00e9s szervez\u00e9si int\u00e9zked\u00e9st megtesz\u00fcnk annak \u00e9rdek\u00e9ben, hogy megv\u00e9dj\u00fck adatait a jogosulatlan hozz\u00e1f\u00e9r\u00e9st\u0151l, a vissza\u00e9l\u00e9st\u0151l vagy az adatveszt\u00e9st\u0151l.<\/p>\n\n<h3 class=\"wp-block-heading\">7. S\u00fctik (Cookie-k)<\/h3>\n\n<p>A webhely s\u00fctiket haszn\u00e1l a felhaszn\u00e1l\u00f3i \u00e9lm\u00e9ny jav\u00edt\u00e1sa \u00e9rdek\u00e9ben. Err\u0151l b\u0151vebben a S\u00fcti szab\u00e1lyzatban (Cookie Policy) olvashat. <\/p>\n\n<h3 class=\"wp-block-heading\">8. A szab\u00e1lyzat m\u00f3dos\u00edt\u00e1sa<\/h3>\n\n<p>Fenntartjuk a jogot a jelen Adatkezel\u00e9si T\u00e1j\u00e9koztat\u00f3 m\u00f3dos\u00edt\u00e1s\u00e1ra. A friss\u00edtett inform\u00e1ci\u00f3kat ezen az oldalon tessz\u00fck k\u00f6zz\u00e9. <\/p>\n","protected":false},"excerpt":{"rendered":"<p>1. Bevezet\u00e9s A \u201ePark Pali\u0107\u201d K\u00f6zv\u00e1llalat tiszteletben tartja az \u00d6n mag\u00e1n\u00e9let\u00e9t, \u00e9s elk\u00f6telezett a szem\u00e9lyes adatok v\u00e9delme mellett, a Szerb K\u00f6zt\u00e1rsas\u00e1g szem\u00e9lyes adatok v\u00e9delm\u00e9r\u0151l sz\u00f3l\u00f3 t\u00f6rv\u00e9ny\u00e9vel \u00e9s az \u00c1ltal\u00e1nos Adatv\u00e9delmi Rendelettel (GDPR) \u00f6sszhangban. Ez az Adatv\u00e9delmi Ir\u00e1nyelv elmagyar\u00e1zza, milyen adatokat gy\u0171jt\u00fcnk, hogyan haszn\u00e1ljuk fel azokat, \u00e9s melyek az \u00d6n jogai. 2. Milyen adatokat gy\u0171jt\u00fcnk? A [&hellip;]<\/p>\n","protected":false},"author":1,"featured_media":0,"parent":0,"menu_order":0,"comment_status":"closed","ping_status":"closed","template":"","meta":{"_acf_changed":false,"inline_featured_image":false,"footnotes":""},"class_list":["post-10130","page","type-page","status-publish","hentry"],"acf":[],"yoast_head":"<!-- This site is optimized with the Yoast SEO plugin v27.1.1 - https:\/\/yoast.com\/product\/yoast-seo-wordpress\/ -->\n<title>Adatv\u00e9delmi szab\u00e1lyzat - Park Pali\u0107<\/title>\n<meta name=\"description\" content=\"Upoznajte se sa na\u010dinom prikupljanja, obrade i za\u0161tite va\u0161ih li\u010dnih podataka na sajtu Park Pali\u0107.\" \/>\n<meta name=\"robots\" content=\"index, follow, max-snippet:-1, max-image-preview:large, max-video-preview:-1\" \/>\n<link rel=\"canonical\" href=\"https:\/\/park-palic.rs\/hu\/adatkezelesi-tajekoztato-park-palic\/\" \/>\n<meta property=\"og:locale\" content=\"hu_HU\" \/>\n<meta property=\"og:type\" content=\"article\" \/>\n<meta property=\"og:title\" content=\"Adatv\u00e9delmi szab\u00e1lyzat - Park Pali\u0107\" \/>\n<meta property=\"og:description\" content=\"Upoznajte se sa na\u010dinom prikupljanja, obrade i za\u0161tite va\u0161ih li\u010dnih podataka na sajtu Park Pali\u0107.\" \/>\n<meta property=\"og:url\" content=\"https:\/\/park-palic.rs\/hu\/adatkezelesi-tajekoztato-park-palic\/\" \/>\n<meta property=\"og:site_name\" content=\"Park Pali\u0107\" \/>\n<meta property=\"article:publisher\" content=\"https:\/\/www.facebook.com\/ParkPalic\/\" \/>\n<meta property=\"article:modified_time\" content=\"2026-03-06T09:20:53+00:00\" \/>\n<meta name=\"twitter:card\" content=\"summary_large_image\" \/>\n<meta name=\"twitter:label1\" content=\"Becs\u00fclt olvas\u00e1si id\u0151\" \/>\n\t<meta name=\"twitter:data1\" content=\"2 perc\" \/>\n<script type=\"application\/ld+json\" class=\"yoast-schema-graph\">{\"@context\":\"https:\/\/schema.org\",\"@graph\":[{\"@type\":\"WebPage\",\"@id\":\"https:\/\/park-palic.rs\/hu\/adatkezelesi-tajekoztato-park-palic\/\",\"url\":\"https:\/\/park-palic.rs\/hu\/adatkezelesi-tajekoztato-park-palic\/\",\"name\":\"Adatv\u00e9delmi szab\u00e1lyzat - Park Pali\u0107\",\"isPartOf\":{\"@id\":\"https:\/\/park-palic.rs\/#website\"},\"datePublished\":\"2025-06-30T07:34:53+00:00\",\"dateModified\":\"2026-03-06T09:20:53+00:00\",\"description\":\"Upoznajte se sa na\u010dinom prikupljanja, obrade i za\u0161tite va\u0161ih li\u010dnih podataka na sajtu Park Pali\u0107.\",\"breadcrumb\":{\"@id\":\"https:\/\/park-palic.rs\/hu\/adatkezelesi-tajekoztato-park-palic\/#breadcrumb\"},\"inLanguage\":\"hu\",\"potentialAction\":[{\"@type\":\"ReadAction\",\"target\":[\"https:\/\/park-palic.rs\/hu\/adatkezelesi-tajekoztato-park-palic\/\"]}]},{\"@type\":\"BreadcrumbList\",\"@id\":\"https:\/\/park-palic.rs\/hu\/adatkezelesi-tajekoztato-park-palic\/#breadcrumb\",\"itemListElement\":[{\"@type\":\"ListItem\",\"position\":1,\"name\":\"Po\u010detna\",\"item\":\"https:\/\/park-palic.rs\/hu\/park-palic-zvanicna-prezentacija\/\"},{\"@type\":\"ListItem\",\"position\":2,\"name\":\"Adatv\u00e9delmi szab\u00e1lyzat\"}]},{\"@type\":\"WebSite\",\"@id\":\"https:\/\/park-palic.rs\/#website\",\"url\":\"https:\/\/park-palic.rs\/\",\"name\":\"Park Pali\u0107\",\"description\":\"\",\"potentialAction\":[{\"@type\":\"SearchAction\",\"target\":{\"@type\":\"EntryPoint\",\"urlTemplate\":\"https:\/\/park-palic.rs\/?s={search_term_string}\"},\"query-input\":{\"@type\":\"PropertyValueSpecification\",\"valueRequired\":true,\"valueName\":\"search_term_string\"}}],\"inLanguage\":\"hu\"}]}<\/script>\n<!-- \/ Yoast SEO plugin. -->","yoast_head_json":{"title":"Adatv\u00e9delmi szab\u00e1lyzat - Park Pali\u0107","description":"Upoznajte se sa na\u010dinom prikupljanja, obrade i za\u0161tite va\u0161ih li\u010dnih podataka na sajtu Park Pali\u0107.","robots":{"index":"index","follow":"follow","max-snippet":"max-snippet:-1","max-image-preview":"max-image-preview:large","max-video-preview":"max-video-preview:-1"},"canonical":"https:\/\/park-palic.rs\/hu\/adatkezelesi-tajekoztato-park-palic\/","og_locale":"hu_HU","og_type":"article","og_title":"Adatv\u00e9delmi szab\u00e1lyzat - Park Pali\u0107","og_description":"Upoznajte se sa na\u010dinom prikupljanja, obrade i za\u0161tite va\u0161ih li\u010dnih podataka na sajtu Park Pali\u0107.","og_url":"https:\/\/park-palic.rs\/hu\/adatkezelesi-tajekoztato-park-palic\/","og_site_name":"Park Pali\u0107","article_publisher":"https:\/\/www.facebook.com\/ParkPalic\/","article_modified_time":"2026-03-06T09:20:53+00:00","twitter_card":"summary_large_image","twitter_misc":{"Becs\u00fclt olvas\u00e1si id\u0151":"2 perc"},"schema":{"@context":"https:\/\/schema.org","@graph":[{"@type":"WebPage","@id":"https:\/\/park-palic.rs\/hu\/adatkezelesi-tajekoztato-park-palic\/","url":"https:\/\/park-palic.rs\/hu\/adatkezelesi-tajekoztato-park-palic\/","name":"Adatv\u00e9delmi szab\u00e1lyzat - Park Pali\u0107","isPartOf":{"@id":"https:\/\/park-palic.rs\/#website"},"datePublished":"2025-06-30T07:34:53+00:00","dateModified":"2026-03-06T09:20:53+00:00","description":"Upoznajte se sa na\u010dinom prikupljanja, obrade i za\u0161tite va\u0161ih li\u010dnih podataka na sajtu Park Pali\u0107.","breadcrumb":{"@id":"https:\/\/park-palic.rs\/hu\/adatkezelesi-tajekoztato-park-palic\/#breadcrumb"},"inLanguage":"hu","potentialAction":[{"@type":"ReadAction","target":["https:\/\/park-palic.rs\/hu\/adatkezelesi-tajekoztato-park-palic\/"]}]},{"@type":"BreadcrumbList","@id":"https:\/\/park-palic.rs\/hu\/adatkezelesi-tajekoztato-park-palic\/#breadcrumb","itemListElement":[{"@type":"ListItem","position":1,"name":"Po\u010detna","item":"https:\/\/park-palic.rs\/hu\/park-palic-zvanicna-prezentacija\/"},{"@type":"ListItem","position":2,"name":"Adatv\u00e9delmi szab\u00e1lyzat"}]},{"@type":"WebSite","@id":"https:\/\/park-palic.rs\/#website","url":"https:\/\/park-palic.rs\/","name":"Park Pali\u0107","description":"","potentialAction":[{"@type":"SearchAction","target":{"@type":"EntryPoint","urlTemplate":"https:\/\/park-palic.rs\/?s={search_term_string}"},"query-input":{"@type":"PropertyValueSpecification","valueRequired":true,"valueName":"search_term_string"}}],"inLanguage":"hu"}]}},"_links":{"self":[{"href":"https:\/\/park-palic.rs\/hu\/wp-json\/wp\/v2\/pages\/10130","targetHints":{"allow":["GET"]}}],"collection":[{"href":"https:\/\/park-palic.rs\/hu\/wp-json\/wp\/v2\/pages"}],"about":[{"href":"https:\/\/park-palic.rs\/hu\/wp-json\/wp\/v2\/types\/page"}],"author":[{"embeddable":true,"href":"https:\/\/park-palic.rs\/hu\/wp-json\/wp\/v2\/users\/1"}],"replies":[{"embeddable":true,"href":"https:\/\/park-palic.rs\/hu\/wp-json\/wp\/v2\/comments?post=10130"}],"version-history":[{"count":4,"href":"https:\/\/park-palic.rs\/hu\/wp-json\/wp\/v2\/pages\/10130\/revisions"}],"predecessor-version":[{"id":13166,"href":"https:\/\/park-palic.rs\/hu\/wp-json\/wp\/v2\/pages\/10130\/revisions\/13166"}],"wp:attachment":[{"href":"https:\/\/park-palic.rs\/hu\/wp-json\/wp\/v2\/media?parent=10130"}],"curies":[{"name":"wp","href":"https:\/\/api.w.org\/{rel}","templated":true}]}}