{"id":10127,"date":"2025-06-30T07:34:38","date_gmt":"2025-06-30T07:34:38","guid":{"rendered":"https:\/\/parkpalic.condev.rs\/uslovi-koriscenja\/"},"modified":"2025-08-15T15:06:52","modified_gmt":"2025-08-15T15:06:52","slug":"hasznalati-feltetelek","status":"publish","type":"page","link":"https:\/\/park-palic.rs\/hu\/hasznalati-feltetelek\/","title":{"rendered":"Haszn\u00e1lati felt\u00e9telek"},"content":{"rendered":"\n<p>Dobrodo\u0161li na zvani\u010dnu internet stranicu https:\/\/www.park-palic.rs (u daljem tekstu: \u201eSajt\u201c), \u010diji je vlasnik JP \u201cPark Pali\u0107\u201d. Kori\u0161\u0107enjem ovog sajta, potvr\u0111ujete da ste pro\u010ditali, razumeli i saglasni sa slede\u0107im uslovima kori\u0161\u0107enja. Ukoliko se ne sla\u017eete sa ovim uslovima, molimo vas da ne koristite Sajt.<\/p>\n\n\n\n<h3 class=\"wp-block-heading\">1. Sadr\u017eaj sajta<\/h3>\n\n\n\n<p>Svi tekstovi, slike, video zapisi, dizajn i ostali materijali objavljeni na sajtu su vlasni\u0161tvo JP \u201cPark Pali\u0107\u201d ili su kori\u0161\u0107eni uz odgovaraju\u0107e dozvole. Zabranjeno je neovla\u0161\u0107eno kopiranje, distribucija, modifikacija ili upotreba sadr\u017eaja bez prethodne pisane saglasnosti.<\/p>\n\n\n\n<h3 class=\"wp-block-heading\">2. Kori\u0161\u0107enje informacija<\/h3>\n\n\n\n<p>Sajt slu\u017ei isklju\u010divo u informativne svrhe. Iako te\u017eimo da informacije budu ta\u010dne i a\u017eurne, ne garantujemo potpunu ta\u010dnost, potpunost ili a\u017eurnost svih podataka. JP \u201cPark Pali\u0107\u201d ne snosi odgovornost za eventualne gre\u0161ke ili propuste.<\/p>\n\n\n\n<h3 class=\"wp-block-heading\">3. Odgovornost korisnika<\/h3>\n\n\n\n<p>Korisnik se obavezuje da ne\u0107e koristiti sajt u svrhe koje su nezakonite, la\u017ene, \u0161tetne ili u suprotnosti sa ovim Uslovima. Zloupotreba sajta mo\u017ee dovesti do zabrane pristupa i eventualnih pravnih posledica.<\/p>\n\n\n\n<h3 class=\"wp-block-heading\">4. Linkovi ka drugim sajtovima<\/h3>\n\n\n\n<p>Sajt mo\u017ee sadr\u017eati linkove ka sajtovima tre\u0107ih strana. JP \u201cPark Pali\u0107\u201d ne kontroli\u0161e te sajtove i ne preuzima odgovornost za njihov sadr\u017eaj niti za na\u010din obrade podataka.<\/p>\n\n\n\n<h3 class=\"wp-block-heading\">5. Izmene uslova<\/h3>\n\n\n\n<p>JP \u201cPark Pali\u0107\u201d zadr\u017eava pravo da u svakom trenutku izmeni ove Uslove kori\u0161\u0107enja. Korisnici \u0107e biti obave\u0161teni o izmenama putem sajta. Daljom upotrebom sajta nakon objavljenih izmena, prihvatate nove uslove.<\/p>\n","protected":false},"excerpt":{"rendered":"<p>Dobrodo\u0161li na zvani\u010dnu internet stranicu https:\/\/www.park-palic.rs (u daljem tekstu: \u201eSajt\u201c), \u010diji je vlasnik JP \u201cPark Pali\u0107\u201d. Kori\u0161\u0107enjem ovog sajta, potvr\u0111ujete da ste pro\u010ditali, razumeli i saglasni sa slede\u0107im uslovima kori\u0161\u0107enja. Ukoliko se ne sla\u017eete sa ovim uslovima, molimo vas da ne koristite Sajt. 1. Sadr\u017eaj sajta Svi tekstovi, slike, video zapisi, dizajn i ostali materijali [&hellip;]<\/p>\n","protected":false},"author":1,"featured_media":0,"parent":0,"menu_order":0,"comment_status":"closed","ping_status":"closed","template":"","meta":{"_acf_changed":false,"inline_featured_image":false,"footnotes":""},"class_list":["post-10127","page","type-page","status-publish","hentry"],"acf":[],"yoast_head":"<!-- This site is optimized with the Yoast SEO plugin v27.1.1 - https:\/\/yoast.com\/product\/yoast-seo-wordpress\/ -->\n<title>Haszn\u00e1lati felt\u00e9telek - Park Pali\u0107<\/title>\n<meta name=\"robots\" content=\"index, follow, max-snippet:-1, max-image-preview:large, max-video-preview:-1\" \/>\n<link rel=\"canonical\" href=\"https:\/\/park-palic.rs\/hu\/hasznalati-feltetelek\/\" \/>\n<meta property=\"og:locale\" content=\"hu_HU\" \/>\n<meta property=\"og:type\" content=\"article\" \/>\n<meta property=\"og:title\" content=\"Haszn\u00e1lati felt\u00e9telek - Park Pali\u0107\" \/>\n<meta property=\"og:description\" content=\"Dobrodo\u0161li na zvani\u010dnu internet stranicu https:\/\/www.park-palic.rs (u daljem tekstu: \u201eSajt\u201c), \u010diji je vlasnik JP \u201cPark Pali\u0107\u201d. Kori\u0161\u0107enjem ovog sajta, potvr\u0111ujete da ste pro\u010ditali, razumeli i saglasni sa slede\u0107im uslovima kori\u0161\u0107enja. Ukoliko se ne sla\u017eete sa ovim uslovima, molimo vas da ne koristite Sajt. 1. Sadr\u017eaj sajta Svi tekstovi, slike, video zapisi, dizajn i ostali materijali [&hellip;]\" \/>\n<meta property=\"og:url\" content=\"https:\/\/park-palic.rs\/hu\/hasznalati-feltetelek\/\" \/>\n<meta property=\"og:site_name\" content=\"Park Pali\u0107\" \/>\n<meta property=\"article:publisher\" content=\"https:\/\/www.facebook.com\/ParkPalic\/\" \/>\n<meta property=\"article:modified_time\" content=\"2025-08-15T15:06:52+00:00\" \/>\n<meta name=\"twitter:card\" content=\"summary_large_image\" \/>\n<meta name=\"twitter:label1\" content=\"Becs\u00fclt olvas\u00e1si id\u0151\" \/>\n\t<meta name=\"twitter:data1\" content=\"2 perc\" \/>\n<script type=\"application\/ld+json\" class=\"yoast-schema-graph\">{\"@context\":\"https:\/\/schema.org\",\"@graph\":[{\"@type\":\"WebPage\",\"@id\":\"https:\/\/park-palic.rs\/hu\/hasznalati-feltetelek\/\",\"url\":\"https:\/\/park-palic.rs\/hu\/hasznalati-feltetelek\/\",\"name\":\"Haszn\u00e1lati felt\u00e9telek - Park Pali\u0107\",\"isPartOf\":{\"@id\":\"https:\/\/park-palic.rs\/#website\"},\"datePublished\":\"2025-06-30T07:34:38+00:00\",\"dateModified\":\"2025-08-15T15:06:52+00:00\",\"breadcrumb\":{\"@id\":\"https:\/\/park-palic.rs\/hu\/hasznalati-feltetelek\/#breadcrumb\"},\"inLanguage\":\"hu\",\"potentialAction\":[{\"@type\":\"ReadAction\",\"target\":[\"https:\/\/park-palic.rs\/hu\/hasznalati-feltetelek\/\"]}]},{\"@type\":\"BreadcrumbList\",\"@id\":\"https:\/\/park-palic.rs\/hu\/hasznalati-feltetelek\/#breadcrumb\",\"itemListElement\":[{\"@type\":\"ListItem\",\"position\":1,\"name\":\"Po\u010detna\",\"item\":\"https:\/\/park-palic.rs\/hu\/park-palic-zvanicna-prezentacija\/\"},{\"@type\":\"ListItem\",\"position\":2,\"name\":\"Haszn\u00e1lati felt\u00e9telek\"}]},{\"@type\":\"WebSite\",\"@id\":\"https:\/\/park-palic.rs\/#website\",\"url\":\"https:\/\/park-palic.rs\/\",\"name\":\"Park Pali\u0107\",\"description\":\"\",\"potentialAction\":[{\"@type\":\"SearchAction\",\"target\":{\"@type\":\"EntryPoint\",\"urlTemplate\":\"https:\/\/park-palic.rs\/?s={search_term_string}\"},\"query-input\":{\"@type\":\"PropertyValueSpecification\",\"valueRequired\":true,\"valueName\":\"search_term_string\"}}],\"inLanguage\":\"hu\"}]}<\/script>\n<!-- \/ Yoast SEO plugin. -->","yoast_head_json":{"title":"Haszn\u00e1lati felt\u00e9telek - Park Pali\u0107","robots":{"index":"index","follow":"follow","max-snippet":"max-snippet:-1","max-image-preview":"max-image-preview:large","max-video-preview":"max-video-preview:-1"},"canonical":"https:\/\/park-palic.rs\/hu\/hasznalati-feltetelek\/","og_locale":"hu_HU","og_type":"article","og_title":"Haszn\u00e1lati felt\u00e9telek - Park Pali\u0107","og_description":"Dobrodo\u0161li na zvani\u010dnu internet stranicu https:\/\/www.park-palic.rs (u daljem tekstu: \u201eSajt\u201c), \u010diji je vlasnik JP \u201cPark Pali\u0107\u201d. Kori\u0161\u0107enjem ovog sajta, potvr\u0111ujete da ste pro\u010ditali, razumeli i saglasni sa slede\u0107im uslovima kori\u0161\u0107enja. Ukoliko se ne sla\u017eete sa ovim uslovima, molimo vas da ne koristite Sajt. 1. Sadr\u017eaj sajta Svi tekstovi, slike, video zapisi, dizajn i ostali materijali [&hellip;]","og_url":"https:\/\/park-palic.rs\/hu\/hasznalati-feltetelek\/","og_site_name":"Park Pali\u0107","article_publisher":"https:\/\/www.facebook.com\/ParkPalic\/","article_modified_time":"2025-08-15T15:06:52+00:00","twitter_card":"summary_large_image","twitter_misc":{"Becs\u00fclt olvas\u00e1si id\u0151":"2 perc"},"schema":{"@context":"https:\/\/schema.org","@graph":[{"@type":"WebPage","@id":"https:\/\/park-palic.rs\/hu\/hasznalati-feltetelek\/","url":"https:\/\/park-palic.rs\/hu\/hasznalati-feltetelek\/","name":"Haszn\u00e1lati felt\u00e9telek - Park Pali\u0107","isPartOf":{"@id":"https:\/\/park-palic.rs\/#website"},"datePublished":"2025-06-30T07:34:38+00:00","dateModified":"2025-08-15T15:06:52+00:00","breadcrumb":{"@id":"https:\/\/park-palic.rs\/hu\/hasznalati-feltetelek\/#breadcrumb"},"inLanguage":"hu","potentialAction":[{"@type":"ReadAction","target":["https:\/\/park-palic.rs\/hu\/hasznalati-feltetelek\/"]}]},{"@type":"BreadcrumbList","@id":"https:\/\/park-palic.rs\/hu\/hasznalati-feltetelek\/#breadcrumb","itemListElement":[{"@type":"ListItem","position":1,"name":"Po\u010detna","item":"https:\/\/park-palic.rs\/hu\/park-palic-zvanicna-prezentacija\/"},{"@type":"ListItem","position":2,"name":"Haszn\u00e1lati felt\u00e9telek"}]},{"@type":"WebSite","@id":"https:\/\/park-palic.rs\/#website","url":"https:\/\/park-palic.rs\/","name":"Park Pali\u0107","description":"","potentialAction":[{"@type":"SearchAction","target":{"@type":"EntryPoint","urlTemplate":"https:\/\/park-palic.rs\/?s={search_term_string}"},"query-input":{"@type":"PropertyValueSpecification","valueRequired":true,"valueName":"search_term_string"}}],"inLanguage":"hu"}]}},"_links":{"self":[{"href":"https:\/\/park-palic.rs\/hu\/wp-json\/wp\/v2\/pages\/10127","targetHints":{"allow":["GET"]}}],"collection":[{"href":"https:\/\/park-palic.rs\/hu\/wp-json\/wp\/v2\/pages"}],"about":[{"href":"https:\/\/park-palic.rs\/hu\/wp-json\/wp\/v2\/types\/page"}],"author":[{"embeddable":true,"href":"https:\/\/park-palic.rs\/hu\/wp-json\/wp\/v2\/users\/1"}],"replies":[{"embeddable":true,"href":"https:\/\/park-palic.rs\/hu\/wp-json\/wp\/v2\/comments?post=10127"}],"version-history":[{"count":1,"href":"https:\/\/park-palic.rs\/hu\/wp-json\/wp\/v2\/pages\/10127\/revisions"}],"predecessor-version":[{"id":11695,"href":"https:\/\/park-palic.rs\/hu\/wp-json\/wp\/v2\/pages\/10127\/revisions\/11695"}],"wp:attachment":[{"href":"https:\/\/park-palic.rs\/hu\/wp-json\/wp\/v2\/media?parent=10127"}],"curies":[{"name":"wp","href":"https:\/\/api.w.org\/{rel}","templated":true}]}}