{"id":10124,"date":"2025-06-26T11:56:21","date_gmt":"2025-06-26T11:56:21","guid":{"rendered":"https:\/\/parkpalic.condev.rs\/o-nama\/ostali-dokumenti\/"},"modified":"2025-08-18T21:46:42","modified_gmt":"2025-08-18T21:46:42","slug":"egyeb-dokumentumok","status":"publish","type":"page","link":"https:\/\/park-palic.rs\/hu\/rolunk\/egyeb-dokumentumok\/","title":{"rendered":"Egy\u00e9b dokumentumok"},"content":{"rendered":"\n<h3>Egy\u00e9b inform\u00e1ci\u00f3k \u00e9s dokumentumok egy helyen<\/h3>\n","protected":false},"excerpt":{"rendered":"<p>Egy\u00e9b inform\u00e1ci\u00f3k \u00e9s dokumentumok egy helyen<\/p>\n","protected":false},"author":1,"featured_media":0,"parent":9955,"menu_order":0,"comment_status":"closed","ping_status":"closed","template":"page-other-documents.php","meta":{"_acf_changed":false,"inline_featured_image":false,"footnotes":""},"class_list":["post-10124","page","type-page","status-publish","hentry"],"acf":[],"yoast_head":"<!-- This site is optimized with the Yoast SEO plugin v27.1.1 - https:\/\/yoast.com\/product\/yoast-seo-wordpress\/ -->\n<title>Egy\u00e9b dokumentumok - Park Pali\u0107<\/title>\n<meta name=\"robots\" content=\"index, follow, max-snippet:-1, max-image-preview:large, max-video-preview:-1\" \/>\n<link rel=\"canonical\" href=\"https:\/\/park-palic.rs\/hu\/rolunk\/egyeb-dokumentumok\/\" \/>\n<meta property=\"og:locale\" content=\"hu_HU\" \/>\n<meta property=\"og:type\" content=\"article\" \/>\n<meta property=\"og:title\" content=\"Egy\u00e9b dokumentumok - Park Pali\u0107\" \/>\n<meta property=\"og:description\" content=\"Egy\u00e9b inform\u00e1ci\u00f3k \u00e9s dokumentumok egy helyen\" \/>\n<meta property=\"og:url\" content=\"https:\/\/park-palic.rs\/hu\/rolunk\/egyeb-dokumentumok\/\" \/>\n<meta property=\"og:site_name\" content=\"Park Pali\u0107\" \/>\n<meta property=\"article:publisher\" content=\"https:\/\/www.facebook.com\/ParkPalic\/\" \/>\n<meta property=\"article:modified_time\" content=\"2025-08-18T21:46:42+00:00\" \/>\n<meta name=\"twitter:card\" content=\"summary_large_image\" \/>\n<meta name=\"twitter:label1\" content=\"Becs\u00fclt olvas\u00e1si id\u0151\" \/>\n\t<meta name=\"twitter:data1\" content=\"1 perc\" \/>\n<script type=\"application\/ld+json\" class=\"yoast-schema-graph\">{\"@context\":\"https:\/\/schema.org\",\"@graph\":[{\"@type\":\"WebPage\",\"@id\":\"https:\/\/park-palic.rs\/hu\/rolunk\/egyeb-dokumentumok\/\",\"url\":\"https:\/\/park-palic.rs\/hu\/rolunk\/egyeb-dokumentumok\/\",\"name\":\"Egy\u00e9b dokumentumok - Park Pali\u0107\",\"isPartOf\":{\"@id\":\"https:\/\/park-palic.rs\/#website\"},\"datePublished\":\"2025-06-26T11:56:21+00:00\",\"dateModified\":\"2025-08-18T21:46:42+00:00\",\"breadcrumb\":{\"@id\":\"https:\/\/park-palic.rs\/hu\/rolunk\/egyeb-dokumentumok\/#breadcrumb\"},\"inLanguage\":\"hu\",\"potentialAction\":[{\"@type\":\"ReadAction\",\"target\":[\"https:\/\/park-palic.rs\/hu\/rolunk\/egyeb-dokumentumok\/\"]}]},{\"@type\":\"BreadcrumbList\",\"@id\":\"https:\/\/park-palic.rs\/hu\/rolunk\/egyeb-dokumentumok\/#breadcrumb\",\"itemListElement\":[{\"@type\":\"ListItem\",\"position\":1,\"name\":\"Po\u010detna\",\"item\":\"https:\/\/park-palic.rs\/hu\/park-palic-zvanicna-prezentacija\/\"},{\"@type\":\"ListItem\",\"position\":2,\"name\":\"R\u00f3lunk\",\"item\":\"https:\/\/park-palic.rs\/hu\/rolunk\/\"},{\"@type\":\"ListItem\",\"position\":3,\"name\":\"Egy\u00e9b dokumentumok\"}]},{\"@type\":\"WebSite\",\"@id\":\"https:\/\/park-palic.rs\/#website\",\"url\":\"https:\/\/park-palic.rs\/\",\"name\":\"Park Pali\u0107\",\"description\":\"\",\"potentialAction\":[{\"@type\":\"SearchAction\",\"target\":{\"@type\":\"EntryPoint\",\"urlTemplate\":\"https:\/\/park-palic.rs\/?s={search_term_string}\"},\"query-input\":{\"@type\":\"PropertyValueSpecification\",\"valueRequired\":true,\"valueName\":\"search_term_string\"}}],\"inLanguage\":\"hu\"}]}<\/script>\n<!-- \/ Yoast SEO plugin. -->","yoast_head_json":{"title":"Egy\u00e9b dokumentumok - Park Pali\u0107","robots":{"index":"index","follow":"follow","max-snippet":"max-snippet:-1","max-image-preview":"max-image-preview:large","max-video-preview":"max-video-preview:-1"},"canonical":"https:\/\/park-palic.rs\/hu\/rolunk\/egyeb-dokumentumok\/","og_locale":"hu_HU","og_type":"article","og_title":"Egy\u00e9b dokumentumok - Park Pali\u0107","og_description":"Egy\u00e9b inform\u00e1ci\u00f3k \u00e9s dokumentumok egy helyen","og_url":"https:\/\/park-palic.rs\/hu\/rolunk\/egyeb-dokumentumok\/","og_site_name":"Park Pali\u0107","article_publisher":"https:\/\/www.facebook.com\/ParkPalic\/","article_modified_time":"2025-08-18T21:46:42+00:00","twitter_card":"summary_large_image","twitter_misc":{"Becs\u00fclt olvas\u00e1si id\u0151":"1 perc"},"schema":{"@context":"https:\/\/schema.org","@graph":[{"@type":"WebPage","@id":"https:\/\/park-palic.rs\/hu\/rolunk\/egyeb-dokumentumok\/","url":"https:\/\/park-palic.rs\/hu\/rolunk\/egyeb-dokumentumok\/","name":"Egy\u00e9b dokumentumok - Park Pali\u0107","isPartOf":{"@id":"https:\/\/park-palic.rs\/#website"},"datePublished":"2025-06-26T11:56:21+00:00","dateModified":"2025-08-18T21:46:42+00:00","breadcrumb":{"@id":"https:\/\/park-palic.rs\/hu\/rolunk\/egyeb-dokumentumok\/#breadcrumb"},"inLanguage":"hu","potentialAction":[{"@type":"ReadAction","target":["https:\/\/park-palic.rs\/hu\/rolunk\/egyeb-dokumentumok\/"]}]},{"@type":"BreadcrumbList","@id":"https:\/\/park-palic.rs\/hu\/rolunk\/egyeb-dokumentumok\/#breadcrumb","itemListElement":[{"@type":"ListItem","position":1,"name":"Po\u010detna","item":"https:\/\/park-palic.rs\/hu\/park-palic-zvanicna-prezentacija\/"},{"@type":"ListItem","position":2,"name":"R\u00f3lunk","item":"https:\/\/park-palic.rs\/hu\/rolunk\/"},{"@type":"ListItem","position":3,"name":"Egy\u00e9b dokumentumok"}]},{"@type":"WebSite","@id":"https:\/\/park-palic.rs\/#website","url":"https:\/\/park-palic.rs\/","name":"Park Pali\u0107","description":"","potentialAction":[{"@type":"SearchAction","target":{"@type":"EntryPoint","urlTemplate":"https:\/\/park-palic.rs\/?s={search_term_string}"},"query-input":{"@type":"PropertyValueSpecification","valueRequired":true,"valueName":"search_term_string"}}],"inLanguage":"hu"}]}},"_links":{"self":[{"href":"https:\/\/park-palic.rs\/hu\/wp-json\/wp\/v2\/pages\/10124","targetHints":{"allow":["GET"]}}],"collection":[{"href":"https:\/\/park-palic.rs\/hu\/wp-json\/wp\/v2\/pages"}],"about":[{"href":"https:\/\/park-palic.rs\/hu\/wp-json\/wp\/v2\/types\/page"}],"author":[{"embeddable":true,"href":"https:\/\/park-palic.rs\/hu\/wp-json\/wp\/v2\/users\/1"}],"replies":[{"embeddable":true,"href":"https:\/\/park-palic.rs\/hu\/wp-json\/wp\/v2\/comments?post=10124"}],"version-history":[{"count":3,"href":"https:\/\/park-palic.rs\/hu\/wp-json\/wp\/v2\/pages\/10124\/revisions"}],"predecessor-version":[{"id":12163,"href":"https:\/\/park-palic.rs\/hu\/wp-json\/wp\/v2\/pages\/10124\/revisions\/12163"}],"up":[{"embeddable":true,"href":"https:\/\/park-palic.rs\/hu\/wp-json\/wp\/v2\/pages\/9955"}],"wp:attachment":[{"href":"https:\/\/park-palic.rs\/hu\/wp-json\/wp\/v2\/media?parent=10124"}],"curies":[{"name":"wp","href":"https:\/\/api.w.org\/{rel}","templated":true}]}}