{"id":10121,"date":"2025-06-25T18:42:38","date_gmt":"2025-06-25T18:42:38","guid":{"rendered":"https:\/\/parkpalic.condev.rs\/clanovi-skupstine\/"},"modified":"2025-08-18T21:39:51","modified_gmt":"2025-08-18T21:39:51","slug":"kozgyules-tagjai","status":"publish","type":"page","link":"https:\/\/park-palic.rs\/hu\/kozgyules-tagjai\/","title":{"rendered":"K\u00f6zgy\u0171l\u00e9s tagjai"},"content":{"rendered":"\n<h2 class=\"wp-block-heading\">Ismerje meg tagjainkat \u2013 K\u00f6zgy\u0171l\u00e9s tagjai<\/h2>\n\n\n\n<p>Ismerje meg azokat a kulcsfontoss\u00e1g\u00fa embereket, akik a Park Pali\u0107 strat\u00e9giai ir\u00e1ny\u00edt\u00e1s\u00e1\u00e9rt felel\u0151sek. A k\u00f6zgy\u0171l\u00e9st tapasztalt k\u00e9pvisel\u0151k alkotj\u00e1k, akik fontos d\u00f6nt\u00e9seket hoznak a k\u00f6zv\u00e1llalat m\u0171k\u00f6d\u00e9s\u00e9r\u0151l \u00e9s fejleszt\u00e9s\u00e9r\u0151l.<\/p>\n","protected":false},"excerpt":{"rendered":"<p>Ismerje meg tagjainkat \u2013 K\u00f6zgy\u0171l\u00e9s tagjai Ismerje meg azokat a kulcsfontoss\u00e1g\u00fa embereket, akik a Park Pali\u0107 strat\u00e9giai ir\u00e1ny\u00edt\u00e1s\u00e1\u00e9rt felel\u0151sek. A k\u00f6zgy\u0171l\u00e9st tapasztalt k\u00e9pvisel\u0151k alkotj\u00e1k, akik fontos d\u00f6nt\u00e9seket hoznak a k\u00f6zv\u00e1llalat m\u0171k\u00f6d\u00e9s\u00e9r\u0151l \u00e9s fejleszt\u00e9s\u00e9r\u0151l.<\/p>\n","protected":false},"author":1,"featured_media":0,"parent":0,"menu_order":0,"comment_status":"closed","ping_status":"closed","template":"page-members.php","meta":{"_acf_changed":false,"inline_featured_image":false,"footnotes":""},"class_list":["post-10121","page","type-page","status-publish","hentry"],"acf":[],"yoast_head":"<!-- This site is optimized with the Yoast SEO plugin v27.1.1 - https:\/\/yoast.com\/product\/yoast-seo-wordpress\/ -->\n<title>K\u00f6zgy\u0171l\u00e9s tagjai - Park Pali\u0107<\/title>\n<meta name=\"robots\" content=\"index, follow, max-snippet:-1, max-image-preview:large, max-video-preview:-1\" \/>\n<link rel=\"canonical\" href=\"https:\/\/park-palic.rs\/hu\/kozgyules-tagjai\/\" \/>\n<meta property=\"og:locale\" content=\"hu_HU\" \/>\n<meta property=\"og:type\" content=\"article\" \/>\n<meta property=\"og:title\" content=\"K\u00f6zgy\u0171l\u00e9s tagjai - Park Pali\u0107\" \/>\n<meta property=\"og:description\" content=\"Ismerje meg tagjainkat \u2013 K\u00f6zgy\u0171l\u00e9s tagjai Ismerje meg azokat a kulcsfontoss\u00e1g\u00fa embereket, akik a Park Pali\u0107 strat\u00e9giai ir\u00e1ny\u00edt\u00e1s\u00e1\u00e9rt felel\u0151sek. A k\u00f6zgy\u0171l\u00e9st tapasztalt k\u00e9pvisel\u0151k alkotj\u00e1k, akik fontos d\u00f6nt\u00e9seket hoznak a k\u00f6zv\u00e1llalat m\u0171k\u00f6d\u00e9s\u00e9r\u0151l \u00e9s fejleszt\u00e9s\u00e9r\u0151l.\" \/>\n<meta property=\"og:url\" content=\"https:\/\/park-palic.rs\/hu\/kozgyules-tagjai\/\" \/>\n<meta property=\"og:site_name\" content=\"Park Pali\u0107\" \/>\n<meta property=\"article:publisher\" content=\"https:\/\/www.facebook.com\/ParkPalic\/\" \/>\n<meta property=\"article:modified_time\" content=\"2025-08-18T21:39:51+00:00\" \/>\n<meta name=\"twitter:card\" content=\"summary_large_image\" \/>\n<meta name=\"twitter:label1\" content=\"Becs\u00fclt olvas\u00e1si id\u0151\" \/>\n\t<meta name=\"twitter:data1\" content=\"1 perc\" \/>\n<script type=\"application\/ld+json\" class=\"yoast-schema-graph\">{\"@context\":\"https:\/\/schema.org\",\"@graph\":[{\"@type\":\"WebPage\",\"@id\":\"https:\/\/park-palic.rs\/hu\/kozgyules-tagjai\/\",\"url\":\"https:\/\/park-palic.rs\/hu\/kozgyules-tagjai\/\",\"name\":\"K\u00f6zgy\u0171l\u00e9s tagjai - Park Pali\u0107\",\"isPartOf\":{\"@id\":\"https:\/\/park-palic.rs\/#website\"},\"datePublished\":\"2025-06-25T18:42:38+00:00\",\"dateModified\":\"2025-08-18T21:39:51+00:00\",\"breadcrumb\":{\"@id\":\"https:\/\/park-palic.rs\/hu\/kozgyules-tagjai\/#breadcrumb\"},\"inLanguage\":\"hu\",\"potentialAction\":[{\"@type\":\"ReadAction\",\"target\":[\"https:\/\/park-palic.rs\/hu\/kozgyules-tagjai\/\"]}]},{\"@type\":\"BreadcrumbList\",\"@id\":\"https:\/\/park-palic.rs\/hu\/kozgyules-tagjai\/#breadcrumb\",\"itemListElement\":[{\"@type\":\"ListItem\",\"position\":1,\"name\":\"Po\u010detna\",\"item\":\"https:\/\/park-palic.rs\/hu\/park-palic-zvanicna-prezentacija\/\"},{\"@type\":\"ListItem\",\"position\":2,\"name\":\"K\u00f6zgy\u0171l\u00e9s tagjai\"}]},{\"@type\":\"WebSite\",\"@id\":\"https:\/\/park-palic.rs\/#website\",\"url\":\"https:\/\/park-palic.rs\/\",\"name\":\"Park Pali\u0107\",\"description\":\"\",\"potentialAction\":[{\"@type\":\"SearchAction\",\"target\":{\"@type\":\"EntryPoint\",\"urlTemplate\":\"https:\/\/park-palic.rs\/?s={search_term_string}\"},\"query-input\":{\"@type\":\"PropertyValueSpecification\",\"valueRequired\":true,\"valueName\":\"search_term_string\"}}],\"inLanguage\":\"hu\"}]}<\/script>\n<!-- \/ Yoast SEO plugin. -->","yoast_head_json":{"title":"K\u00f6zgy\u0171l\u00e9s tagjai - Park Pali\u0107","robots":{"index":"index","follow":"follow","max-snippet":"max-snippet:-1","max-image-preview":"max-image-preview:large","max-video-preview":"max-video-preview:-1"},"canonical":"https:\/\/park-palic.rs\/hu\/kozgyules-tagjai\/","og_locale":"hu_HU","og_type":"article","og_title":"K\u00f6zgy\u0171l\u00e9s tagjai - Park Pali\u0107","og_description":"Ismerje meg tagjainkat \u2013 K\u00f6zgy\u0171l\u00e9s tagjai Ismerje meg azokat a kulcsfontoss\u00e1g\u00fa embereket, akik a Park Pali\u0107 strat\u00e9giai ir\u00e1ny\u00edt\u00e1s\u00e1\u00e9rt felel\u0151sek. A k\u00f6zgy\u0171l\u00e9st tapasztalt k\u00e9pvisel\u0151k alkotj\u00e1k, akik fontos d\u00f6nt\u00e9seket hoznak a k\u00f6zv\u00e1llalat m\u0171k\u00f6d\u00e9s\u00e9r\u0151l \u00e9s fejleszt\u00e9s\u00e9r\u0151l.","og_url":"https:\/\/park-palic.rs\/hu\/kozgyules-tagjai\/","og_site_name":"Park Pali\u0107","article_publisher":"https:\/\/www.facebook.com\/ParkPalic\/","article_modified_time":"2025-08-18T21:39:51+00:00","twitter_card":"summary_large_image","twitter_misc":{"Becs\u00fclt olvas\u00e1si id\u0151":"1 perc"},"schema":{"@context":"https:\/\/schema.org","@graph":[{"@type":"WebPage","@id":"https:\/\/park-palic.rs\/hu\/kozgyules-tagjai\/","url":"https:\/\/park-palic.rs\/hu\/kozgyules-tagjai\/","name":"K\u00f6zgy\u0171l\u00e9s tagjai - Park Pali\u0107","isPartOf":{"@id":"https:\/\/park-palic.rs\/#website"},"datePublished":"2025-06-25T18:42:38+00:00","dateModified":"2025-08-18T21:39:51+00:00","breadcrumb":{"@id":"https:\/\/park-palic.rs\/hu\/kozgyules-tagjai\/#breadcrumb"},"inLanguage":"hu","potentialAction":[{"@type":"ReadAction","target":["https:\/\/park-palic.rs\/hu\/kozgyules-tagjai\/"]}]},{"@type":"BreadcrumbList","@id":"https:\/\/park-palic.rs\/hu\/kozgyules-tagjai\/#breadcrumb","itemListElement":[{"@type":"ListItem","position":1,"name":"Po\u010detna","item":"https:\/\/park-palic.rs\/hu\/park-palic-zvanicna-prezentacija\/"},{"@type":"ListItem","position":2,"name":"K\u00f6zgy\u0171l\u00e9s tagjai"}]},{"@type":"WebSite","@id":"https:\/\/park-palic.rs\/#website","url":"https:\/\/park-palic.rs\/","name":"Park Pali\u0107","description":"","potentialAction":[{"@type":"SearchAction","target":{"@type":"EntryPoint","urlTemplate":"https:\/\/park-palic.rs\/?s={search_term_string}"},"query-input":{"@type":"PropertyValueSpecification","valueRequired":true,"valueName":"search_term_string"}}],"inLanguage":"hu"}]}},"_links":{"self":[{"href":"https:\/\/park-palic.rs\/hu\/wp-json\/wp\/v2\/pages\/10121","targetHints":{"allow":["GET"]}}],"collection":[{"href":"https:\/\/park-palic.rs\/hu\/wp-json\/wp\/v2\/pages"}],"about":[{"href":"https:\/\/park-palic.rs\/hu\/wp-json\/wp\/v2\/types\/page"}],"author":[{"embeddable":true,"href":"https:\/\/park-palic.rs\/hu\/wp-json\/wp\/v2\/users\/1"}],"replies":[{"embeddable":true,"href":"https:\/\/park-palic.rs\/hu\/wp-json\/wp\/v2\/comments?post=10121"}],"version-history":[{"count":2,"href":"https:\/\/park-palic.rs\/hu\/wp-json\/wp\/v2\/pages\/10121\/revisions"}],"predecessor-version":[{"id":12153,"href":"https:\/\/park-palic.rs\/hu\/wp-json\/wp\/v2\/pages\/10121\/revisions\/12153"}],"wp:attachment":[{"href":"https:\/\/park-palic.rs\/hu\/wp-json\/wp\/v2\/media?parent=10121"}],"curies":[{"name":"wp","href":"https:\/\/api.w.org\/{rel}","templated":true}]}}