{"id":10103,"date":"2025-06-22T19:13:56","date_gmt":"2025-06-22T19:13:56","guid":{"rendered":"https:\/\/parkpalic.condev.rs\/primer-strane\/"},"modified":"2025-06-22T19:13:56","modified_gmt":"2025-06-22T19:13:56","slug":"primer-strane","status":"publish","type":"page","link":"https:\/\/park-palic.rs\/hu\/primer-strane\/","title":{"rendered":"Primer strane"},"content":{"rendered":"\n<p>Ovo je primer strane. Druga\u010dija je od \u010dlanka bloga zato \u0161to \u0107e stajati na jednom mestu i pojavljiva\u0107e se u kretanju va\u0161eg veb mesta (u ve\u0107ini tema). Ve\u0107ina ljudi po\u010dinje sa stranom O koja ih upoznaje sa mogu\u0107im posetiocima veb mesta. Mo\u017ee da ka\u017ee ne\u0161to kao ovo:<\/p>\n\n\n\n<blockquote class=\"wp-block-quote is-layout-flow wp-block-quote-is-layout-flow\"><p>Zdravo! Ja sam po\u0161tar preko dana, kafanski peva\u010d preko vikenda i ovo je moj blog. \u017divim u Ni\u0161u, imam sjajnog psa Simu i volim da pijem bambus.<\/p><\/blockquote>\n\n\n\n<p>&#8230;ili ne\u0161to kao:<\/p>\n\n\n\n<blockquote class=\"wp-block-quote is-layout-flow wp-block-quote-is-layout-flow\"><p>Preduze\u0107e \u0106\u017dLj je osnovano 1991. i otada pravi kvalitetne \u0161kljocalice. Sa sedi\u0161tem u Palanci, \u0106\u017dLj zapo\u0161ljava preko 200 radnika i daje mnogo palana\u010dkoj zajednici.<\/p><\/blockquote>\n\n\n\n<p>Kao novi korisnik Vordpresa, trebalo bi da idete na <a href=\"http:\/\/localhost:8086\/wp-admin\/\">svoju kontrolnu tablu<\/a> da biste obrisali ovu stranu i napravili nove strane sa svojim sadr\u017eajem. Zabavite se!<\/p>\n","protected":false},"excerpt":{"rendered":"<p>Ovo je primer strane. Druga\u010dija je od \u010dlanka bloga zato \u0161to \u0107e stajati na jednom mestu i pojavljiva\u0107e se u kretanju va\u0161eg veb mesta (u ve\u0107ini tema). Ve\u0107ina ljudi po\u010dinje sa stranom O koja ih upoznaje sa mogu\u0107im posetiocima veb mesta. Mo\u017ee da ka\u017ee ne\u0161to kao ovo: Zdravo! Ja sam po\u0161tar preko dana, kafanski peva\u010d [&hellip;]<\/p>\n","protected":false},"author":1,"featured_media":0,"parent":0,"menu_order":0,"comment_status":"closed","ping_status":"open","template":"","meta":{"_acf_changed":false,"inline_featured_image":false,"footnotes":""},"class_list":["post-10103","page","type-page","status-publish","hentry"],"acf":[],"yoast_head":"<!-- This site is optimized with the Yoast SEO plugin v27.1.1 - https:\/\/yoast.com\/product\/yoast-seo-wordpress\/ -->\n<title>\u041f\u0440\u0438\u043c\u0435\u0440 \u0441\u0442\u0440\u0430\u043d\u0435 - Park Pali\u0107<\/title>\n<meta name=\"robots\" content=\"index, follow, max-snippet:-1, max-image-preview:large, max-video-preview:-1\" \/>\n<link rel=\"canonical\" href=\"https:\/\/park-palic.rs\/hu\/primer-strane\/\" \/>\n<meta property=\"og:locale\" content=\"hu_HU\" \/>\n<meta property=\"og:type\" content=\"article\" \/>\n<meta property=\"og:title\" content=\"\u041f\u0440\u0438\u043c\u0435\u0440 \u0441\u0442\u0440\u0430\u043d\u0435 - Park Pali\u0107\" \/>\n<meta property=\"og:description\" content=\"Ovo je primer strane. Druga\u010dija je od \u010dlanka bloga zato \u0161to \u0107e stajati na jednom mestu i pojavljiva\u0107e se u kretanju va\u0161eg veb mesta (u ve\u0107ini tema). Ve\u0107ina ljudi po\u010dinje sa stranom O koja ih upoznaje sa mogu\u0107im posetiocima veb mesta. Mo\u017ee da ka\u017ee ne\u0161to kao ovo: Zdravo! Ja sam po\u0161tar preko dana, kafanski peva\u010d [&hellip;]\" \/>\n<meta property=\"og:url\" content=\"https:\/\/park-palic.rs\/hu\/primer-strane\/\" \/>\n<meta property=\"og:site_name\" content=\"Park Pali\u0107\" \/>\n<meta property=\"article:publisher\" content=\"https:\/\/www.facebook.com\/ParkPalic\/\" \/>\n<meta name=\"twitter:card\" content=\"summary_large_image\" \/>\n<script type=\"application\/ld+json\" class=\"yoast-schema-graph\">{\"@context\":\"https:\/\/schema.org\",\"@graph\":[{\"@type\":\"WebPage\",\"@id\":\"https:\/\/park-palic.rs\/hu\/primer-strane\/\",\"url\":\"https:\/\/park-palic.rs\/hu\/primer-strane\/\",\"name\":\"\u041f\u0440\u0438\u043c\u0435\u0440 \u0441\u0442\u0440\u0430\u043d\u0435 - Park Pali\u0107\",\"isPartOf\":{\"@id\":\"https:\/\/park-palic.rs\/#website\"},\"datePublished\":\"2025-06-22T19:13:56+00:00\",\"breadcrumb\":{\"@id\":\"https:\/\/park-palic.rs\/hu\/primer-strane\/#breadcrumb\"},\"inLanguage\":\"hu\",\"potentialAction\":[{\"@type\":\"ReadAction\",\"target\":[\"https:\/\/park-palic.rs\/hu\/primer-strane\/\"]}]},{\"@type\":\"BreadcrumbList\",\"@id\":\"https:\/\/park-palic.rs\/hu\/primer-strane\/#breadcrumb\",\"itemListElement\":[{\"@type\":\"ListItem\",\"position\":1,\"name\":\"Po\u010detna\",\"item\":\"https:\/\/park-palic.rs\/hu\/park-palic-zvanicna-prezentacija\/\"},{\"@type\":\"ListItem\",\"position\":2,\"name\":\"Primer strane\"}]},{\"@type\":\"WebSite\",\"@id\":\"https:\/\/park-palic.rs\/#website\",\"url\":\"https:\/\/park-palic.rs\/\",\"name\":\"Park Pali\u0107\",\"description\":\"\",\"potentialAction\":[{\"@type\":\"SearchAction\",\"target\":{\"@type\":\"EntryPoint\",\"urlTemplate\":\"https:\/\/park-palic.rs\/?s={search_term_string}\"},\"query-input\":{\"@type\":\"PropertyValueSpecification\",\"valueRequired\":true,\"valueName\":\"search_term_string\"}}],\"inLanguage\":\"hu\"}]}<\/script>\n<!-- \/ Yoast SEO plugin. -->","yoast_head_json":{"title":"\u041f\u0440\u0438\u043c\u0435\u0440 \u0441\u0442\u0440\u0430\u043d\u0435 - Park Pali\u0107","robots":{"index":"index","follow":"follow","max-snippet":"max-snippet:-1","max-image-preview":"max-image-preview:large","max-video-preview":"max-video-preview:-1"},"canonical":"https:\/\/park-palic.rs\/hu\/primer-strane\/","og_locale":"hu_HU","og_type":"article","og_title":"\u041f\u0440\u0438\u043c\u0435\u0440 \u0441\u0442\u0440\u0430\u043d\u0435 - Park Pali\u0107","og_description":"Ovo je primer strane. Druga\u010dija je od \u010dlanka bloga zato \u0161to \u0107e stajati na jednom mestu i pojavljiva\u0107e se u kretanju va\u0161eg veb mesta (u ve\u0107ini tema). Ve\u0107ina ljudi po\u010dinje sa stranom O koja ih upoznaje sa mogu\u0107im posetiocima veb mesta. Mo\u017ee da ka\u017ee ne\u0161to kao ovo: Zdravo! Ja sam po\u0161tar preko dana, kafanski peva\u010d [&hellip;]","og_url":"https:\/\/park-palic.rs\/hu\/primer-strane\/","og_site_name":"Park Pali\u0107","article_publisher":"https:\/\/www.facebook.com\/ParkPalic\/","twitter_card":"summary_large_image","schema":{"@context":"https:\/\/schema.org","@graph":[{"@type":"WebPage","@id":"https:\/\/park-palic.rs\/hu\/primer-strane\/","url":"https:\/\/park-palic.rs\/hu\/primer-strane\/","name":"\u041f\u0440\u0438\u043c\u0435\u0440 \u0441\u0442\u0440\u0430\u043d\u0435 - Park Pali\u0107","isPartOf":{"@id":"https:\/\/park-palic.rs\/#website"},"datePublished":"2025-06-22T19:13:56+00:00","breadcrumb":{"@id":"https:\/\/park-palic.rs\/hu\/primer-strane\/#breadcrumb"},"inLanguage":"hu","potentialAction":[{"@type":"ReadAction","target":["https:\/\/park-palic.rs\/hu\/primer-strane\/"]}]},{"@type":"BreadcrumbList","@id":"https:\/\/park-palic.rs\/hu\/primer-strane\/#breadcrumb","itemListElement":[{"@type":"ListItem","position":1,"name":"Po\u010detna","item":"https:\/\/park-palic.rs\/hu\/park-palic-zvanicna-prezentacija\/"},{"@type":"ListItem","position":2,"name":"Primer strane"}]},{"@type":"WebSite","@id":"https:\/\/park-palic.rs\/#website","url":"https:\/\/park-palic.rs\/","name":"Park Pali\u0107","description":"","potentialAction":[{"@type":"SearchAction","target":{"@type":"EntryPoint","urlTemplate":"https:\/\/park-palic.rs\/?s={search_term_string}"},"query-input":{"@type":"PropertyValueSpecification","valueRequired":true,"valueName":"search_term_string"}}],"inLanguage":"hu"}]}},"_links":{"self":[{"href":"https:\/\/park-palic.rs\/hu\/wp-json\/wp\/v2\/pages\/10103","targetHints":{"allow":["GET"]}}],"collection":[{"href":"https:\/\/park-palic.rs\/hu\/wp-json\/wp\/v2\/pages"}],"about":[{"href":"https:\/\/park-palic.rs\/hu\/wp-json\/wp\/v2\/types\/page"}],"author":[{"embeddable":true,"href":"https:\/\/park-palic.rs\/hu\/wp-json\/wp\/v2\/users\/1"}],"replies":[{"embeddable":true,"href":"https:\/\/park-palic.rs\/hu\/wp-json\/wp\/v2\/comments?post=10103"}],"version-history":[{"count":0,"href":"https:\/\/park-palic.rs\/hu\/wp-json\/wp\/v2\/pages\/10103\/revisions"}],"wp:attachment":[{"href":"https:\/\/park-palic.rs\/hu\/wp-json\/wp\/v2\/media?parent=10103"}],"curies":[{"name":"wp","href":"https:\/\/api.w.org\/{rel}","templated":true}]}}