{"id":9944,"date":"2025-06-23T05:44:01","date_gmt":"2025-06-23T05:44:01","guid":{"rendered":"https:\/\/parkpalic.condev.rs\/park-palic-zvanicna-prezentacija\/"},"modified":"2026-03-06T09:36:12","modified_gmt":"2026-03-06T09:36:12","slug":"park-palic-zvanicna-prezentacija","status":"publish","type":"page","link":"https:\/\/park-palic.rs\/hr\/","title":{"rendered":"Po\u010detna"},"content":{"rendered":"","protected":false},"excerpt":{"rendered":"","protected":false},"author":1,"featured_media":12401,"parent":0,"menu_order":0,"comment_status":"closed","ping_status":"closed","template":"page-home.php","meta":{"_acf_changed":false,"inline_featured_image":false,"footnotes":""},"class_list":["post-9944","page","type-page","status-publish","has-post-thumbnail","hentry"],"acf":[],"yoast_head":"<!-- This site is optimized with the Yoast SEO plugin v27.1.1 - https:\/\/yoast.com\/product\/yoast-seo-wordpress\/ -->\n<title>Po\u010detna - Park Pali\u0107<\/title>\n<meta name=\"description\" content=\"Dobrodo\u0161li na slu\u017ebenu stranicu Parka Pali\u0107. Saznajte sve o turizmu, ulaganjima, doga\u0111anjima i razvoju jedne od najljep\u0161ih destinacija.\" \/>\n<meta name=\"robots\" content=\"index, follow, max-snippet:-1, max-image-preview:large, max-video-preview:-1\" \/>\n<link rel=\"canonical\" href=\"https:\/\/park-palic.rs\/hr\/\" \/>\n<meta property=\"og:locale\" content=\"hr_HR\" \/>\n<meta property=\"og:type\" content=\"article\" \/>\n<meta property=\"og:title\" content=\"Po\u010detna - Park Pali\u0107\" \/>\n<meta property=\"og:description\" content=\"Dobrodo\u0161li na slu\u017ebenu stranicu Parka Pali\u0107. Saznajte sve o turizmu, ulaganjima, doga\u0111anjima i razvoju jedne od najljep\u0161ih destinacija.\" \/>\n<meta property=\"og:url\" content=\"https:\/\/park-palic.rs\/hr\/\" \/>\n<meta property=\"og:site_name\" content=\"Park Pali\u0107\" \/>\n<meta property=\"article:publisher\" content=\"https:\/\/www.facebook.com\/ParkPalic\/\" \/>\n<meta property=\"article:modified_time\" content=\"2026-03-06T09:36:12+00:00\" \/>\n<meta property=\"og:image\" content=\"https:\/\/park-palic.rs\/wp-content\/uploads\/2025\/06\/Plcs106-scaled.jpg\" \/>\n\t<meta property=\"og:image:width\" content=\"2560\" \/>\n\t<meta property=\"og:image:height\" content=\"1707\" \/>\n\t<meta property=\"og:image:type\" content=\"image\/jpeg\" \/>\n<meta name=\"twitter:card\" content=\"summary_large_image\" \/>\n<meta name=\"twitter:label1\" content=\"Procijenjeno vrijeme \u010ditanja\" \/>\n\t<meta name=\"twitter:data1\" content=\"1 minuta\" \/>\n<script type=\"application\/ld+json\" class=\"yoast-schema-graph\">{\"@context\":\"https:\/\/schema.org\",\"@graph\":[{\"@type\":\"WebPage\",\"@id\":\"https:\/\/park-palic.rs\/hr\/\",\"url\":\"https:\/\/park-palic.rs\/hr\/\",\"name\":\"Po\u010detna - Park Pali\u0107\",\"isPartOf\":{\"@id\":\"https:\/\/park-palic.rs\/#website\"},\"primaryImageOfPage\":{\"@id\":\"https:\/\/park-palic.rs\/hr\/#primaryimage\"},\"image\":{\"@id\":\"https:\/\/park-palic.rs\/hr\/#primaryimage\"},\"thumbnailUrl\":\"https:\/\/park-palic.rs\/wp-content\/uploads\/2025\/06\/Plcs106-scaled.jpg\",\"datePublished\":\"2025-06-23T05:44:01+00:00\",\"dateModified\":\"2026-03-06T09:36:12+00:00\",\"description\":\"Dobrodo\u0161li na slu\u017ebenu stranicu Parka Pali\u0107. Saznajte sve o turizmu, ulaganjima, doga\u0111anjima i razvoju jedne od najljep\u0161ih destinacija.\",\"breadcrumb\":{\"@id\":\"https:\/\/park-palic.rs\/hr\/#breadcrumb\"},\"inLanguage\":\"hr\",\"potentialAction\":[{\"@type\":\"ReadAction\",\"target\":[\"https:\/\/park-palic.rs\/hr\/\"]}]},{\"@type\":\"ImageObject\",\"inLanguage\":\"hr\",\"@id\":\"https:\/\/park-palic.rs\/hr\/#primaryimage\",\"url\":\"https:\/\/park-palic.rs\/wp-content\/uploads\/2025\/06\/Plcs106-scaled.jpg\",\"contentUrl\":\"https:\/\/park-palic.rs\/wp-content\/uploads\/2025\/06\/Plcs106-scaled.jpg\",\"width\":2560,\"height\":1707},{\"@type\":\"BreadcrumbList\",\"@id\":\"https:\/\/park-palic.rs\/hr\/#breadcrumb\",\"itemListElement\":[{\"@type\":\"ListItem\",\"position\":1,\"name\":\"Po\u010detna\",\"item\":\"https:\/\/park-palic.rs\/hr\/\"},{\"@type\":\"ListItem\",\"position\":2,\"name\":\"Po\u010detna\"}]},{\"@type\":\"WebSite\",\"@id\":\"https:\/\/park-palic.rs\/#website\",\"url\":\"https:\/\/park-palic.rs\/\",\"name\":\"Park Pali\u0107\",\"description\":\"\",\"potentialAction\":[{\"@type\":\"SearchAction\",\"target\":{\"@type\":\"EntryPoint\",\"urlTemplate\":\"https:\/\/park-palic.rs\/?s={search_term_string}\"},\"query-input\":{\"@type\":\"PropertyValueSpecification\",\"valueRequired\":true,\"valueName\":\"search_term_string\"}}],\"inLanguage\":\"hr\"}]}<\/script>\n<!-- \/ Yoast SEO plugin. -->","yoast_head_json":{"title":"Po\u010detna - Park Pali\u0107","description":"Dobrodo\u0161li na slu\u017ebenu stranicu Parka Pali\u0107. Saznajte sve o turizmu, ulaganjima, doga\u0111anjima i razvoju jedne od najljep\u0161ih destinacija.","robots":{"index":"index","follow":"follow","max-snippet":"max-snippet:-1","max-image-preview":"max-image-preview:large","max-video-preview":"max-video-preview:-1"},"canonical":"https:\/\/park-palic.rs\/hr\/","og_locale":"hr_HR","og_type":"article","og_title":"Po\u010detna - Park Pali\u0107","og_description":"Dobrodo\u0161li na slu\u017ebenu stranicu Parka Pali\u0107. Saznajte sve o turizmu, ulaganjima, doga\u0111anjima i razvoju jedne od najljep\u0161ih destinacija.","og_url":"https:\/\/park-palic.rs\/hr\/","og_site_name":"Park Pali\u0107","article_publisher":"https:\/\/www.facebook.com\/ParkPalic\/","article_modified_time":"2026-03-06T09:36:12+00:00","og_image":[{"width":2560,"height":1707,"url":"https:\/\/park-palic.rs\/wp-content\/uploads\/2025\/06\/Plcs106-scaled.jpg","type":"image\/jpeg"}],"twitter_card":"summary_large_image","twitter_misc":{"Procijenjeno vrijeme \u010ditanja":"1 minuta"},"schema":{"@context":"https:\/\/schema.org","@graph":[{"@type":"WebPage","@id":"https:\/\/park-palic.rs\/hr\/","url":"https:\/\/park-palic.rs\/hr\/","name":"Po\u010detna - Park Pali\u0107","isPartOf":{"@id":"https:\/\/park-palic.rs\/#website"},"primaryImageOfPage":{"@id":"https:\/\/park-palic.rs\/hr\/#primaryimage"},"image":{"@id":"https:\/\/park-palic.rs\/hr\/#primaryimage"},"thumbnailUrl":"https:\/\/park-palic.rs\/wp-content\/uploads\/2025\/06\/Plcs106-scaled.jpg","datePublished":"2025-06-23T05:44:01+00:00","dateModified":"2026-03-06T09:36:12+00:00","description":"Dobrodo\u0161li na slu\u017ebenu stranicu Parka Pali\u0107. Saznajte sve o turizmu, ulaganjima, doga\u0111anjima i razvoju jedne od najljep\u0161ih destinacija.","breadcrumb":{"@id":"https:\/\/park-palic.rs\/hr\/#breadcrumb"},"inLanguage":"hr","potentialAction":[{"@type":"ReadAction","target":["https:\/\/park-palic.rs\/hr\/"]}]},{"@type":"ImageObject","inLanguage":"hr","@id":"https:\/\/park-palic.rs\/hr\/#primaryimage","url":"https:\/\/park-palic.rs\/wp-content\/uploads\/2025\/06\/Plcs106-scaled.jpg","contentUrl":"https:\/\/park-palic.rs\/wp-content\/uploads\/2025\/06\/Plcs106-scaled.jpg","width":2560,"height":1707},{"@type":"BreadcrumbList","@id":"https:\/\/park-palic.rs\/hr\/#breadcrumb","itemListElement":[{"@type":"ListItem","position":1,"name":"Po\u010detna","item":"https:\/\/park-palic.rs\/hr\/"},{"@type":"ListItem","position":2,"name":"Po\u010detna"}]},{"@type":"WebSite","@id":"https:\/\/park-palic.rs\/#website","url":"https:\/\/park-palic.rs\/","name":"Park Pali\u0107","description":"","potentialAction":[{"@type":"SearchAction","target":{"@type":"EntryPoint","urlTemplate":"https:\/\/park-palic.rs\/?s={search_term_string}"},"query-input":{"@type":"PropertyValueSpecification","valueRequired":true,"valueName":"search_term_string"}}],"inLanguage":"hr"}]}},"_links":{"self":[{"href":"https:\/\/park-palic.rs\/hr\/wp-json\/wp\/v2\/pages\/9944","targetHints":{"allow":["GET"]}}],"collection":[{"href":"https:\/\/park-palic.rs\/hr\/wp-json\/wp\/v2\/pages"}],"about":[{"href":"https:\/\/park-palic.rs\/hr\/wp-json\/wp\/v2\/types\/page"}],"author":[{"embeddable":true,"href":"https:\/\/park-palic.rs\/hr\/wp-json\/wp\/v2\/users\/1"}],"replies":[{"embeddable":true,"href":"https:\/\/park-palic.rs\/hr\/wp-json\/wp\/v2\/comments?post=9944"}],"version-history":[{"count":6,"href":"https:\/\/park-palic.rs\/hr\/wp-json\/wp\/v2\/pages\/9944\/revisions"}],"predecessor-version":[{"id":13170,"href":"https:\/\/park-palic.rs\/hr\/wp-json\/wp\/v2\/pages\/9944\/revisions\/13170"}],"wp:featuredmedia":[{"embeddable":true,"href":"https:\/\/park-palic.rs\/hr\/wp-json\/wp\/v2\/media\/12401"}],"wp:attachment":[{"href":"https:\/\/park-palic.rs\/hr\/wp-json\/wp\/v2\/media?parent=9944"}],"curies":[{"name":"wp","href":"https:\/\/api.w.org\/{rel}","templated":true}]}}